{"id":14,"date":"2020-12-25T14:56:53","date_gmt":"2020-12-25T14:56:53","guid":{"rendered":"http:\/\/sw-themes.com\/porto_dummy\/?page_id=14"},"modified":"2026-02-13T13:40:22","modified_gmt":"2026-02-13T13:40:22","slug":"a-asb","status":"publish","type":"page","link":"https:\/\/www.asborrego.pt\/asb\/a-asb\/","title":{"rendered":"A ASB"},"content":{"rendered":"<div class=\"wpb-content-wrapper\"><p>[vc_row wrap_container=&#8221;yes&#8221; content_placement=&#8221;middle&#8221; el_class=&#8221;mt-5 pt-4 m-b-lg&#8221;][vc_column el_class=&#8221;pb-sm-4 pb-lg-0 mb-5 mb-lg-0&#8243; offset=&#8221;vc_col-md-6&#8243;][vc_custom_heading text=&#8221;Desde 1966, comprometidos<br \/>\ncom a Qualidade e Excel\u00eancia.&#8221; use_theme_fonts=&#8221;yes&#8221; animation_type=&#8221;fadeInUp&#8221; el_class=&#8221;mb-0&#8243; css_params=&#8221;&#8221;][vc_empty_space height=&#8221;10px&#8221; css_params=&#8221;&#8221;][vc_separator color=&#8221;custom&#8221; align=&#8221;align_left&#8221; border_width=&#8221;4&#8243; css_animation=&#8221;left-to-right&#8221; style=&#8221;solid&#8221; el_class=&#8221;custom-separator customLineProgressAnim my-3&#8243; accent_color=&#8221;var(&#8211;porto-primary-color)&#8221;][vc_empty_space css_params=&#8221;&#8221;][vc_custom_heading text=&#8221;Ao longo de d\u00e9cadas, constru\u00edmos uma rela\u00e7\u00e3o s\u00f3lida com os nossos clientes, transformando conhecimento t\u00e9cnico em solu\u00e7\u00f5es fi\u00e1veis.&#8221; font_container=&#8221;tag:p|font_size:15.4px|text_align:left|line_height:26px&#8221; use_theme_fonts=&#8221;yes&#8221; font_weight=&#8221;300&#8243; letter_spacing=&#8221;0&#8243; animation_delay=&#8221;450&#8243; el_class=&#8221;mb-4&#8243; animation_type=&#8221;fadeInUp&#8221; css_params=&#8221;&#8221;][vc_custom_heading text=&#8221;A nossa equipa \u00e9 o reflexo de uma cultura de compromisso, onde experi\u00eancia, proximidade e valores caminham lado a lado para garantir qualidade em tudo o que fazemos.&#8221; font_container=&#8221;tag:p|font_size:15.4px|text_align:left|line_height:26px&#8221; use_theme_fonts=&#8221;yes&#8221; font_weight=&#8221;300&#8243; letter_spacing=&#8221;0&#8243; animation_delay=&#8221;450&#8243; el_class=&#8221;mb-4&#8243; animation_type=&#8221;fadeInUp&#8221; css_params=&#8221;&#8221;][vc_column_text css=&#8221;&#8221; css_params=&#8221;&#8221;]<\/p>\n<h5 style=\"margin: 0;\"><em><strong><span style=\"font-size: 14px;\">\u00c1lvaro de Sousa<\/span><\/strong><\/em><\/h5>\n<h5 style=\"margin: 0;\"><span style=\"font-size: 12px;\">Diretor Comercial<\/span><\/h5>\n<p>[\/vc_column_text][\/vc_column][vc_column width=&#8221;3\/4&#8243; animation_delay=&#8221;1450&#8243; el_class=&#8221;ps-lg-5 pe-5 custom-auto-img&#8221; offset=&#8221;vc_col-md-6 vc_col-xs-10&#8243; animation_type=&#8221;fadeInLeft&#8221;][vc_single_image image=&#8221;1279&#8243; img_size=&#8221;full&#8221; css=&#8221;&#8221; floating_start_pos=&#8221;top&#8221; floating_speed=&#8221;9.8&#8243; floating_duration=&#8221;1000&#8243; el_class=&#8221;mb-0&#8243; css_params=&#8221;&#8221; label=&#8221;&#8221;]<div class=\"porto-ultimate-content-box-container auto-1 transform3dxy-n50\"><style>.porto_ucb_21b6bf01188be9ba0119a2cb5c097588{will-change: box-shadow;box-shadow: none;}.porto_ucb_21b6bf01188be9ba0119a2cb5c097588:hover{box-shadow:none}<\/style><div class=\"porto-ultimate-content-box porto_ucb_21b6bf01188be9ba0119a2cb5c097588\" style=\"\">[vc_single_image image=&#8221;829&#8243; css=&#8221;&#8221; floating_start_pos=&#8221;top&#8221; floating_speed=&#8221;0.5&#8243; el_class=&#8221;mb-0&#8243; floating_duration=&#8221;2000&#8243; css_params=&#8221;&#8221;]<\/div><\/div><div class=\"porto-ultimate-content-box-container auto-2 transform3dxy-n50\"><style>.porto_ucb_21b6bf01188be9ba0119a2cb5c097588{will-change: box-shadow;box-shadow: none;}.porto_ucb_21b6bf01188be9ba0119a2cb5c097588:hover{box-shadow:none}<\/style><div class=\"porto-ultimate-content-box porto_ucb_21b6bf01188be9ba0119a2cb5c097588\" style=\"\">[vc_single_image image=&#8221;830&#8243; css=&#8221;&#8221; floating_start_pos=&#8221;top&#8221; floating_speed=&#8221;2.5&#8243; el_class=&#8221;mb-0&#8243; floating_duration=&#8221;1500&#8243; css_params=&#8221;&#8221;]<\/div><\/div><div class=\"porto-ultimate-content-box-container auto-3 transform3dxy-n50\"><style>.porto_ucb_21b6bf01188be9ba0119a2cb5c097588{will-change: box-shadow;box-shadow: none;}.porto_ucb_21b6bf01188be9ba0119a2cb5c097588:hover{box-shadow:none}<\/style><div class=\"porto-ultimate-content-box porto_ucb_21b6bf01188be9ba0119a2cb5c097588\" style=\"\">[vc_single_image image=&#8221;831&#8243; css=&#8221;&#8221; floating_start_pos=&#8221;top&#8221; floating_speed=&#8221;2&#8243; el_class=&#8221;mb-0&#8243; floating_duration=&#8221;2500&#8243; css_params=&#8221;&#8221;]<\/div><\/div>[\/vc_column][\/vc_row][vc_row][vc_column][vc_empty_space height=&#8221;10px&#8221; css_params=&#8221;&#8221;][\/vc_column][\/vc_row][vc_row wrap_container=&#8221;yes&#8221; content_placement=&#8221;top&#8221; el_class=&#8221;mt-5 pt-4 m-b-lg&#8221; conditional_render=&#8221;%5B%7B%22value_role%22%3A%22administrator%22%7D%5D&#8221; css_params=&#8221;&#8221;][vc_column el_class=&#8221;pb-sm-4 pb-lg-0 mb-5 mb-lg-0&#8243; offset=&#8221;vc_col-md-6&#8243;][vc_custom_heading text=&#8221;1 \u2022 As Origens&#8221; use_theme_fonts=&#8221;yes&#8221; animation_type=&#8221;fadeInUp&#8221; el_class=&#8221;mb-0&#8243; css_params=&#8221;&#8221;][vc_empty_space height=&#8221;10px&#8221; css_params=&#8221;&#8221;][vc_separator color=&#8221;custom&#8221; align=&#8221;align_left&#8221; border_width=&#8221;4&#8243; css_animation=&#8221;left-to-right&#8221; style=&#8221;solid&#8221; el_class=&#8221;custom-separator customLineProgressAnim my-3&#8243; accent_color=&#8221;var(&#8211;porto-primary-color)&#8221;][vc_empty_space css_params=&#8221;&#8221;][vc_custom_heading text=&#8221;Em 1965, \u00c1lvaro Sousa Borrego iniciou um pequeno neg\u00f3cio artesanal com grande impacto: o fabrico de boinas em pele de borrego para o polimento da pintura autom\u00f3vel.&#8221; font_container=&#8221;tag:p|font_size:15.4px|text_align:left|line_height:26px&#8221; use_theme_fonts=&#8221;yes&#8221; font_weight=&#8221;300&#8243; letter_spacing=&#8221;0&#8243; animation_delay=&#8221;450&#8243; el_class=&#8221;mb-4&#8243; animation_type=&#8221;fadeInUp&#8221; css_params=&#8221;&#8221;][vc_custom_heading text=&#8221;Era o reflexo de uma vis\u00e3o pr\u00e1tica, alinhada com a evolu\u00e7\u00e3o de um setor em crescimento.&#8221; font_container=&#8221;tag:p|font_size:15.4px|text_align:left|line_height:26px&#8221; use_theme_fonts=&#8221;yes&#8221; font_weight=&#8221;300&#8243; letter_spacing=&#8221;0&#8243; animation_delay=&#8221;450&#8243; el_class=&#8221;mb-4&#8243; animation_type=&#8221;fadeInUp&#8221; css_params=&#8221;&#8221;][\/vc_column][vc_column width=&#8221;3\/4&#8243; animation_delay=&#8221;1450&#8243; el_class=&#8221;ps-lg-5 pe-5 custom-auto-img&#8221; offset=&#8221;vc_col-md-6 vc_col-xs-10&#8243; animation_type=&#8221;fadeInLeft&#8221;][vc_custom_heading text=&#8221;2 \u2022 Funda\u00e7\u00e3o e Consolida\u00e7\u00e3o&#8221; use_theme_fonts=&#8221;yes&#8221; animation_type=&#8221;fadeInUp&#8221; el_class=&#8221;mb-0&#8243; css_params=&#8221;&#8221;][vc_empty_space height=&#8221;10px&#8221; css_params=&#8221;&#8221;][vc_separator color=&#8221;custom&#8221; align=&#8221;align_left&#8221; border_width=&#8221;4&#8243; css_animation=&#8221;left-to-right&#8221; style=&#8221;solid&#8221; el_class=&#8221;custom-separator customLineProgressAnim my-3&#8243; accent_color=&#8221;var(&#8211;porto-primary-color)&#8221;][vc_empty_space css_params=&#8221;&#8221;][vc_custom_heading text=&#8221;A 1 de outubro de 1977, nasce a \u00c1lvaro de Sousa Borrego, S.A., dedicada \u00e0 comercializa\u00e7\u00e3o de tintas e consum\u00edveis para a repintura autom\u00f3vel. Com trabalho consistente e aten\u00e7\u00e3o ao detalhe, tornou-se rapidamente uma refer\u00eancia nacional, estabelecendo m\u00e9todos de trabalho e conquistando a fidelidade dos seus clientes.&#8221; font_container=&#8221;tag:p|font_size:15.4px|text_align:left|line_height:26px&#8221; use_theme_fonts=&#8221;yes&#8221; font_weight=&#8221;300&#8243; letter_spacing=&#8221;0&#8243; animation_delay=&#8221;450&#8243; el_class=&#8221;mb-4&#8243; animation_type=&#8221;fadeInUp&#8221; css_params=&#8221;&#8221;][\/vc_column][\/vc_row][vc_row wrap_container=&#8221;yes&#8221; content_placement=&#8221;top&#8221; el_class=&#8221;mt-5 pt-4 m-b-lg&#8221; conditional_render=&#8221;%5B%7B%22value_role%22%3A%22administrator%22%7D%5D&#8221; css_params=&#8221;&#8221;][vc_column el_class=&#8221;pb-sm-4 pb-lg-0 mb-5 mb-lg-0&#8243; offset=&#8221;vc_col-md-6&#8243;][vc_custom_heading text=&#8221;3 \u2022 Crescimento e Adapta\u00e7\u00e3o&#8221; use_theme_fonts=&#8221;yes&#8221; animation_type=&#8221;fadeInUp&#8221; el_class=&#8221;mb-0&#8243; css_params=&#8221;&#8221;][vc_empty_space height=&#8221;10px&#8221; css_params=&#8221;&#8221;][vc_separator color=&#8221;custom&#8221; align=&#8221;align_left&#8221; border_width=&#8221;4&#8243; css_animation=&#8221;left-to-right&#8221; style=&#8221;solid&#8221; el_class=&#8221;custom-separator customLineProgressAnim my-3&#8243; accent_color=&#8221;var(&#8211;porto-primary-color)&#8221;][vc_empty_space css_params=&#8221;&#8221;][vc_custom_heading text=&#8221;Ao longo das d\u00e9cadas, a ASB acompanhou a evolu\u00e7\u00e3o do setor e antecipou as exig\u00eancias do mercado, mantendo-se fiel aos seus princ\u00edpios de qualidade, proximidade e inova\u00e7\u00e3o.&#8221; font_container=&#8221;tag:p|font_size:15.4px|text_align:left|line_height:26px&#8221; use_theme_fonts=&#8221;yes&#8221; font_weight=&#8221;300&#8243; letter_spacing=&#8221;0&#8243; animation_delay=&#8221;450&#8243; el_class=&#8221;mb-4&#8243; animation_type=&#8221;fadeInUp&#8221; css_params=&#8221;&#8221;][vc_custom_heading text=&#8221;A solidez constru\u00edda permitiu diversificar o portef\u00f3lio, fortalecer parcerias estrat\u00e9gicas e consolidar uma equipa especializada.&#8221; font_container=&#8221;tag:p|font_size:15.4px|text_align:left|line_height:26px&#8221; use_theme_fonts=&#8221;yes&#8221; font_weight=&#8221;300&#8243; letter_spacing=&#8221;0&#8243; animation_delay=&#8221;450&#8243; el_class=&#8221;mb-4&#8243; animation_type=&#8221;fadeInUp&#8221; css_params=&#8221;&#8221;][\/vc_column][vc_column width=&#8221;3\/4&#8243; animation_delay=&#8221;1450&#8243; el_class=&#8221;ps-lg-5 pe-5 custom-auto-img&#8221; offset=&#8221;vc_col-md-6 vc_col-xs-10&#8243; animation_type=&#8221;fadeInLeft&#8221;][vc_custom_heading text=&#8221;4 \u2022 Um Novo Ciclo&#8221; use_theme_fonts=&#8221;yes&#8221; animation_type=&#8221;fadeInUp&#8221; el_class=&#8221;mb-0&#8243; css_params=&#8221;&#8221;][vc_empty_space height=&#8221;10px&#8221; css_params=&#8221;&#8221;][vc_separator color=&#8221;custom&#8221; align=&#8221;align_left&#8221; border_width=&#8221;4&#8243; css_animation=&#8221;left-to-right&#8221; style=&#8221;solid&#8221; el_class=&#8221;custom-separator customLineProgressAnim my-3&#8243; accent_color=&#8221;var(&#8211;porto-primary-color)&#8221;][vc_empty_space css_params=&#8221;&#8221;][vc_custom_heading text=&#8221;Em 2024, a ASB iniciou um novo cap\u00edtulo na sua hist\u00f3ria.\u2028A empresa desenvolveu uma Estrat\u00e9gia Digital, modernizou a sua identidade visual e criou novas plataformas digitais, com o objetivo de refor\u00e7ar a liga\u00e7\u00e3o aos seus parceiros e preparar-se para os desafios do futuro.\u2028Tamb\u00e9m nesse ano, mudou a sede e o armaz\u00e9m para novas instala\u00e7\u00f5es em Palmela, um passo decisivo na otimiza\u00e7\u00e3o dos seus recursos log\u00edsticos e operacionais.&#8221; font_container=&#8221;tag:p|font_size:15.4px|text_align:left|line_height:26px&#8221; use_theme_fonts=&#8221;yes&#8221; font_weight=&#8221;300&#8243; letter_spacing=&#8221;0&#8243; animation_delay=&#8221;450&#8243; el_class=&#8221;mb-4&#8243; animation_type=&#8221;fadeInUp&#8221; css_params=&#8221;&#8221;][\/vc_column][\/vc_row][vc_row wrap_container=&#8221;yes&#8221; content_placement=&#8221;top&#8221; el_class=&#8221;mt-5 pt-4 m-b-lg&#8221; conditional_render=&#8221;%5B%7B%22value_role%22%3A%22administrator%22%7D%5D&#8221; css_params=&#8221;&#8221;][vc_column el_class=&#8221;pb-sm-4 pb-lg-0 mb-5 mb-lg-0&#8243; offset=&#8221;vc_col-md-6&#8243;][vc_custom_heading text=&#8221;5 \u2022 Refor\u00e7o da Miss\u00e3o:<br \/>\nNovos Pilares de Atua\u00e7\u00e3o&#8221; use_theme_fonts=&#8221;yes&#8221; animation_type=&#8221;fadeInUp&#8221; el_class=&#8221;mb-0&#8243; css_params=&#8221;&#8221;][vc_empty_space height=&#8221;10px&#8221; css_params=&#8221;&#8221;][vc_separator color=&#8221;custom&#8221; align=&#8221;align_left&#8221; border_width=&#8221;4&#8243; css_animation=&#8221;left-to-right&#8221; style=&#8221;solid&#8221; el_class=&#8221;custom-separator customLineProgressAnim my-3&#8243; accent_color=&#8221;var(&#8211;porto-primary-color)&#8221;][vc_empty_space css_params=&#8221;&#8221;][vc_custom_heading text=&#8221;Refor\u00e7ando a sua miss\u00e3o e alargando a sua atua\u00e7\u00e3o no setor, a ASB implementou tr\u00eas novos pilares estrat\u00e9gicos, que refletem uma abordagem integrada e moderna ao mercado autom\u00f3vel:<br \/>\n&#8211; ASB Academia \u2013 Forma\u00e7\u00e3o t\u00e9cnica certificada, desenvolvida em parceria com marcas de refer\u00eancia internacional.<br \/>\n&#8211; ASB Consulting \u2013 Consultoria especializada para otimiza\u00e7\u00e3o de processos, aumento de efici\u00eancia e rentabilidade.<br \/>\n&#8211; ASB B2B \u2013 Plataforma digital intuitiva para gest\u00e3o de encomendas, com apoio cont\u00ednuo e acesso 24\/7 \u00e0s oficinas.&#8221; font_container=&#8221;tag:p|font_size:15.4px|text_align:left|line_height:26px&#8221; use_theme_fonts=&#8221;yes&#8221; font_weight=&#8221;300&#8243; letter_spacing=&#8221;0&#8243; animation_delay=&#8221;450&#8243; el_class=&#8221;mb-4&#8243; animation_type=&#8221;fadeInUp&#8221; css_params=&#8221;&#8221;][\/vc_column][vc_column width=&#8221;3\/4&#8243; animation_delay=&#8221;1450&#8243; el_class=&#8221;ps-lg-5 pe-5 custom-auto-img&#8221; offset=&#8221;vc_col-md-6 vc_col-xs-10&#8243; animation_type=&#8221;fadeInLeft&#8221;][vc_custom_heading text=&#8221;6 \u2022 De 1966 ao futuro:<br \/>\nA mesma ess\u00eancia em evolu\u00e7\u00e3o&#8221; use_theme_fonts=&#8221;yes&#8221; animation_type=&#8221;fadeInUp&#8221; el_class=&#8221;mb-0&#8243; css_params=&#8221;&#8221;][vc_empty_space height=&#8221;10px&#8221; css_params=&#8221;&#8221;][vc_separator color=&#8221;custom&#8221; align=&#8221;align_left&#8221; border_width=&#8221;4&#8243; css_animation=&#8221;left-to-right&#8221; style=&#8221;solid&#8221; el_class=&#8221;custom-separator customLineProgressAnim my-3&#8243; accent_color=&#8221;var(&#8211;porto-primary-color)&#8221;][vc_empty_space css_params=&#8221;&#8221;][vc_custom_heading text=&#8221;A ASB continua fiel \u00e0s ra\u00edzes do seu fundador, mantendo viva a combina\u00e7\u00e3o entre tradi\u00e7\u00e3o e inova\u00e7\u00e3o.&#8221; font_container=&#8221;tag:p|font_size:15.4px|text_align:left|line_height:26px&#8221; use_theme_fonts=&#8221;yes&#8221; font_weight=&#8221;300&#8243; letter_spacing=&#8221;0&#8243; animation_delay=&#8221;450&#8243; el_class=&#8221;mb-4&#8243; animation_type=&#8221;fadeInUp&#8221; css_params=&#8221;&#8221;][vc_custom_heading text=&#8221;Hoje, mais do que nunca, est\u00e1 preparada para liderar o presente e moldar o futuro do setor autom\u00f3vel \u2014 com qualidade, conhecimento e vis\u00e3o estrat\u00e9gica.&#8221; font_container=&#8221;tag:p|font_size:15.4px|text_align:left|line_height:26px&#8221; use_theme_fonts=&#8221;yes&#8221; font_weight=&#8221;300&#8243; letter_spacing=&#8221;0&#8243; animation_delay=&#8221;450&#8243; el_class=&#8221;mb-4&#8243; animation_type=&#8221;fadeInUp&#8221; css_params=&#8221;&#8221;][\/vc_column][\/vc_row][vc_row][vc_column][vc_empty_space height=&#8221;10px&#8221; css_params=&#8221;&#8221;][\/vc_column][\/vc_row]<\/p>\n<\/div>","protected":false},"excerpt":{"rendered":"<p>[vc_row wrap_container=&#8221;yes&#8221; content_placement=&#8221;middle&#8221; el_class=&#8221;mt-5 pt-4 m-b-lg&#8221;][vc_column el_class=&#8221;pb-sm-4 pb-lg-0 mb-5 mb-lg-0&#8243; offset=&#8221;vc_col-md-6&#8243;][vc_custom_heading text=&#8221;Desde 1966, comprometidos com a Qualidade e Excel\u00eancia.&#8221; use_theme_fonts=&#8221;yes&#8221; animation_type=&#8221;fadeInUp&#8221; el_class=&#8221;mb-0&#8243; css_params=&#8221;&#8221;][vc_empty_space height=&#8221;10px&#8221; css_params=&#8221;&#8221;][vc_separator color=&#8221;custom&#8221; align=&#8221;align_left&#8221; border_width=&#8221;4&#8243; css_animation=&#8221;left-to-right&#8221; style=&#8221;solid&#8221; el_class=&#8221;custom-separator customLineProgressAnim my-3&#8243; accent_color=&#8221;var(&#8211;porto-primary-color)&#8221;][vc_empty_space css_params=&#8221;&#8221;][vc_custom_heading text=&#8221;Ao longo de d\u00e9cadas, constru\u00edmos uma rela\u00e7\u00e3o s\u00f3lida com os nossos clientes, transformando conhecimento t\u00e9cnico em solu\u00e7\u00f5es fi\u00e1veis.&#8221; font_container=&#8221;tag:p|font_size:15.4px|text_align:left|line_height:26px&#8221; use_theme_fonts=&#8221;yes&#8221; [&hellip;]<\/p>\n","protected":false},"author":1,"featured_media":0,"parent":0,"menu_order":0,"comment_status":"closed","ping_status":"closed","template":"","meta":{"_acf_changed":false,"footnotes":""},"class_list":["post-14","page","type-page","status-publish","hentry"],"acf":[],"_links":{"self":[{"href":"https:\/\/www.asborrego.pt\/asb\/wp-json\/wp\/v2\/pages\/14","targetHints":{"allow":["GET"]}}],"collection":[{"href":"https:\/\/www.asborrego.pt\/asb\/wp-json\/wp\/v2\/pages"}],"about":[{"href":"https:\/\/www.asborrego.pt\/asb\/wp-json\/wp\/v2\/types\/page"}],"author":[{"embeddable":true,"href":"https:\/\/www.asborrego.pt\/asb\/wp-json\/wp\/v2\/users\/1"}],"replies":[{"embeddable":true,"href":"https:\/\/www.asborrego.pt\/asb\/wp-json\/wp\/v2\/comments?post=14"}],"version-history":[{"count":13,"href":"https:\/\/www.asborrego.pt\/asb\/wp-json\/wp\/v2\/pages\/14\/revisions"}],"predecessor-version":[{"id":1287,"href":"https:\/\/www.asborrego.pt\/asb\/wp-json\/wp\/v2\/pages\/14\/revisions\/1287"}],"wp:attachment":[{"href":"https:\/\/www.asborrego.pt\/asb\/wp-json\/wp\/v2\/media?parent=14"}],"curies":[{"name":"wp","href":"https:\/\/api.w.org\/{rel}","templated":true}]}}