{"id":24,"date":"2020-12-25T14:59:58","date_gmt":"2020-12-25T14:59:58","guid":{"rendered":"http:\/\/sw-themes.com\/porto_dummy\/?page_id=24"},"modified":"2025-09-12T10:21:41","modified_gmt":"2025-09-12T10:21:41","slug":"marcacoes","status":"publish","type":"page","link":"https:\/\/www.asborrego.pt\/asb\/marcacoes\/","title":{"rendered":"INFORMA\u00c7\u00d5ES E AGENDAMENTOS"},"content":{"rendered":"<div class=\"wpb-content-wrapper\"><p>[vc_row][vc_column][vc_custom_heading text=&#8221;Se chegou aqui, \u00e9 porque precisa de esclarecer, saber mais ou resolver algo relacionado com os nossos servi\u00e7os e produtos.&#8221; font_container=&#8221;tag:p|font_size:24px|text_align:left|color:var(&#8211;porto-primary-light-5)|line_height:1.3&#8243; use_theme_fonts=&#8221;yes&#8221; css_params=&#8221;&#8221;][vc_custom_heading text=&#8221;Quer saber mais sobre a ASB Consulting, inscrever-se numa forma\u00e7\u00e3o da ASB Academia, saber como pode ter acesso ao nosso portal ASB B2B, agendar uma visita comercial, tem d\u00favidas sobre produtos ou precisa de apoio t\u00e9cnico?<br \/>\nPreencha o formul\u00e1rio abaixo e diga-nos como poderemos ajudar \u2014 responderemos com brevidade e aten\u00e7\u00e3o ao seu caso.&#8221; font_container=&#8221;tag:p|font_size:20|text_align:left|color:var(&#8211;porto-quaternary-color)|line_height:1.3&#8243; use_theme_fonts=&#8221;yes&#8221; el_class=&#8221;pb-3 m-b-md&#8221; css_params=&#8221;&#8221;][\/vc_column][\/vc_row][vc_row el_class=&#8221;custom-form-style-1 mb-3 p-b-xs&#8221; conditional_render=&#8221;%5B%7B%22value_role%22%3A%22administrator%22%7D%5D&#8221;][vc_column conditional_render=&#8221;%5B%7B%22value_role%22%3A%22administrator%22%7D%5D&#8221;]<div class=\"wpb_custom_bb2b334d0beb0a05625f1bfb847e632a\">\n<div class=\"wpcf7 no-js\" id=\"wpcf7-f945-o1\" lang=\"pt-PT\" dir=\"ltr\" data-wpcf7-id=\"945\">\n<div class=\"screen-reader-response\"><p role=\"status\" aria-live=\"polite\" aria-atomic=\"true\"><\/p> <ul><\/ul><\/div>\n<form action=\"\/asb\/wp-json\/wp\/v2\/pages\/24#wpcf7-f945-o1\" method=\"post\" class=\"wpcf7-form init\" aria-label=\"Formul\u00e1rio de contacto\" novalidate=\"novalidate\" data-status=\"init\">\n<fieldset class=\"hidden-fields-container\"><input type=\"hidden\" name=\"_wpcf7\" value=\"945\" \/><input type=\"hidden\" name=\"_wpcf7_version\" value=\"6.1.4\" \/><input type=\"hidden\" name=\"_wpcf7_locale\" value=\"pt_PT\" \/><input type=\"hidden\" name=\"_wpcf7_unit_tag\" value=\"wpcf7-f945-o1\" \/><input type=\"hidden\" name=\"_wpcf7_container_post\" value=\"0\" \/><input type=\"hidden\" name=\"_wpcf7_posted_data_hash\" value=\"\" \/>\n<\/fieldset>\n<div class=\"asb-contact-form\">\n  <div class=\"form-row\">\n    <div class=\"form-col\">\n      <span class=\"wpcf7-form-control-wrap\" data-name=\"nome\"><input size=\"40\" maxlength=\"400\" class=\"wpcf7-form-control wpcf7-text wpcf7-validates-as-required\" aria-required=\"true\" aria-invalid=\"false\" placeholder=\"Nome\" value=\"\" type=\"text\" name=\"nome\" \/><\/span>\n    <\/div>\n    <div class=\"form-col\">\n      <span class=\"wpcf7-form-control-wrap\" data-name=\"apelido\"><input size=\"40\" maxlength=\"400\" class=\"wpcf7-form-control wpcf7-text wpcf7-validates-as-required\" aria-required=\"true\" aria-invalid=\"false\" placeholder=\"Apelido\" value=\"\" type=\"text\" name=\"apelido\" \/><\/span>\n    <\/div>\n  <\/div>\n\n  <div class=\"form-row\">\n    <div class=\"form-col\">\n      <span class=\"wpcf7-form-control-wrap\" data-name=\"email\"><input size=\"40\" maxlength=\"400\" class=\"wpcf7-form-control wpcf7-email wpcf7-validates-as-required wpcf7-text wpcf7-validates-as-email\" aria-required=\"true\" aria-invalid=\"false\" placeholder=\"Email\" value=\"\" type=\"email\" name=\"email\" \/><\/span>\n    <\/div>\n    <div class=\"form-col\">\n      <span class=\"wpcf7-form-control-wrap\" data-name=\"telemovel\"><input size=\"40\" maxlength=\"400\" class=\"wpcf7-form-control wpcf7-tel wpcf7-validates-as-required wpcf7-text wpcf7-validates-as-tel\" aria-required=\"true\" aria-invalid=\"false\" placeholder=\"Telem\u00f3vel\" value=\"\" type=\"tel\" name=\"telemovel\" \/><\/span>\n    <\/div>\n  <\/div>\n\n  <div class=\"form-row\">\n    <div class=\"form-col-full\">\n      <span class=\"wpcf7-form-control-wrap\" data-name=\"assunto\"><select class=\"wpcf7-form-control wpcf7-select wpcf7-validates-as-required\" aria-required=\"true\" aria-invalid=\"false\" name=\"assunto\"><option value=\"\u2014 Qual o seu assunto? \u2014\">\u2014 Qual o seu assunto? \u2014<\/option><option value=\"Informa\u00e7\u00f5es Produtos\">Informa\u00e7\u00f5es Produtos<\/option><option value=\"Informa\u00e7\u00f5es ASB Consulting\">Informa\u00e7\u00f5es ASB Consulting<\/option><option value=\"Informa\u00e7\u00f5es ASB Academia\">Informa\u00e7\u00f5es ASB Academia<\/option><option value=\"Informa\u00e7\u00f5es ASB B2B\">Informa\u00e7\u00f5es ASB B2B<\/option><option value=\"Agendar Comercial\">Agendar Comercial<\/option><option value=\"Outros Assuntos\">Outros Assuntos<\/option><\/select><\/span>\n    <\/div>\n  <\/div>\n\n  <div class=\"form-row\">\n    <div class=\"form-col-full\">\n      <span class=\"wpcf7-form-control-wrap\" data-name=\"mensagem\"><textarea cols=\"40\" rows=\"10\" maxlength=\"2000\" class=\"wpcf7-form-control wpcf7-textarea wpcf7-validates-as-required\" aria-required=\"true\" aria-invalid=\"false\" placeholder=\"Escreva a sua mensagem aqui...\" name=\"mensagem\"><\/textarea><\/span>\n    <\/div>\n  <\/div>\n\n  <div class=\"form-row\">\n    <div class=\"form-col-full\">\n      <input class=\"wpcf7-form-control wpcf7-submit has-spinner\" type=\"submit\" value=\"Enviar\" \/>\n    <\/div>\n  <\/div>\n<\/div><div class=\"wpcf7-response-output\" aria-hidden=\"true\"><\/div>\n<\/form>\n<\/div>\n<\/div>[vc_empty_space css_params=&#8221;&#8221;][\/vc_column][\/vc_row]<\/p>\n<\/div>","protected":false},"excerpt":{"rendered":"<p>[vc_row][vc_column][vc_custom_heading text=&#8221;Se chegou aqui, \u00e9 porque precisa de esclarecer, saber mais ou resolver algo relacionado com os nossos servi\u00e7os e produtos.&#8221; font_container=&#8221;tag:p|font_size:24px|text_align:left|color:var(&#8211;porto-primary-light-5)|line_height:1.3&#8243; use_theme_fonts=&#8221;yes&#8221; css_params=&#8221;&#8221;][vc_custom_heading text=&#8221;Quer saber mais sobre a ASB Consulting, inscrever-se numa forma\u00e7\u00e3o da ASB Academia, saber como pode ter acesso ao nosso portal ASB B2B, agendar uma visita comercial, tem d\u00favidas sobre produtos [&hellip;]<\/p>\n","protected":false},"author":1,"featured_media":0,"parent":0,"menu_order":0,"comment_status":"closed","ping_status":"closed","template":"","meta":{"_acf_changed":false,"footnotes":""},"class_list":["post-24","page","type-page","status-publish","hentry"],"acf":[],"_links":{"self":[{"href":"https:\/\/www.asborrego.pt\/asb\/wp-json\/wp\/v2\/pages\/24","targetHints":{"allow":["GET"]}}],"collection":[{"href":"https:\/\/www.asborrego.pt\/asb\/wp-json\/wp\/v2\/pages"}],"about":[{"href":"https:\/\/www.asborrego.pt\/asb\/wp-json\/wp\/v2\/types\/page"}],"author":[{"embeddable":true,"href":"https:\/\/www.asborrego.pt\/asb\/wp-json\/wp\/v2\/users\/1"}],"replies":[{"embeddable":true,"href":"https:\/\/www.asborrego.pt\/asb\/wp-json\/wp\/v2\/comments?post=24"}],"version-history":[{"count":4,"href":"https:\/\/www.asborrego.pt\/asb\/wp-json\/wp\/v2\/pages\/24\/revisions"}],"predecessor-version":[{"id":987,"href":"https:\/\/www.asborrego.pt\/asb\/wp-json\/wp\/v2\/pages\/24\/revisions\/987"}],"wp:attachment":[{"href":"https:\/\/www.asborrego.pt\/asb\/wp-json\/wp\/v2\/media?parent=24"}],"curies":[{"name":"wp","href":"https:\/\/api.w.org\/{rel}","templated":true}]}}