{"id":1159,"date":"2025-10-30T21:24:01","date_gmt":"2025-10-30T21:24:01","guid":{"rendered":"https:\/\/www.asborrego.pt\/asb\/produto\/sika-primer-207\/"},"modified":"2025-10-30T21:24:03","modified_gmt":"2025-10-30T21:24:03","slug":"sika-primer-207","status":"publish","type":"product","link":"https:\/\/www.asborrego.pt\/asb\/produto\/sika-primer-207\/","title":{"rendered":"SIKA PRIMER 207"},"content":{"rendered":"<p>Sika\u00ae Primer\u2011207 \u00e9 um prim\u00e1rio \u00e0 base de solvente que forma uma pel\u00edcula fina entre substratos e adesivos; \u00e9 utilizado para pr\u00e9\u2011tratar superf\u00edcies antes da aplica\u00e7\u00e3o de adesivos de poliuretano Sika, melhorando a ader\u00eancia.<\/p>\n","protected":false},"excerpt":{"rendered":"<p>PROMOTOR ADER\u00caNCIA PRETO 30ML<\/p>\n","protected":false},"featured_media":1160,"template":"","meta":{"_acf_changed":false},"product_brand":[135],"product_cat":[38,39,159],"product_tag":[],"class_list":{"0":"post-1159","1":"product","2":"type-product","3":"status-publish","4":"has-post-thumbnail","6":"product_brand-sika","7":"product_cat-bate-chapa","8":"product_cat-geral","9":"product_cat-primers","11":"first","12":"instock","13":"taxable","14":"shipping-taxable","15":"purchasable","16":"product-type-simple"},"acf":[],"_links":{"self":[{"href":"https:\/\/www.asborrego.pt\/asb\/wp-json\/wp\/v2\/product\/1159","targetHints":{"allow":["GET"]}}],"collection":[{"href":"https:\/\/www.asborrego.pt\/asb\/wp-json\/wp\/v2\/product"}],"about":[{"href":"https:\/\/www.asborrego.pt\/asb\/wp-json\/wp\/v2\/types\/product"}],"wp:featuredmedia":[{"embeddable":true,"href":"https:\/\/www.asborrego.pt\/asb\/wp-json\/wp\/v2\/media\/1160"}],"wp:attachment":[{"href":"https:\/\/www.asborrego.pt\/asb\/wp-json\/wp\/v2\/media?parent=1159"}],"wp:term":[{"taxonomy":"product_brand","embeddable":true,"href":"https:\/\/www.asborrego.pt\/asb\/wp-json\/wp\/v2\/product_brand?post=1159"},{"taxonomy":"product_cat","embeddable":true,"href":"https:\/\/www.asborrego.pt\/asb\/wp-json\/wp\/v2\/product_cat?post=1159"},{"taxonomy":"product_tag","embeddable":true,"href":"https:\/\/www.asborrego.pt\/asb\/wp-json\/wp\/v2\/product_tag?post=1159"}],"curies":[{"name":"wp","href":"https:\/\/api.w.org\/{rel}","templated":true}]}}