{"id":1161,"date":"2025-10-30T21:24:01","date_gmt":"2025-10-30T21:24:01","guid":{"rendered":"https:\/\/www.asborrego.pt\/asb\/produto\/sikaflex-295\/"},"modified":"2025-10-30T21:24:03","modified_gmt":"2025-10-30T21:24:03","slug":"sikaflex-295","status":"publish","type":"product","link":"https:\/\/www.asborrego.pt\/asb\/produto\/sikaflex-295\/","title":{"rendered":"SIKAFLEX 295"},"content":{"rendered":"<p>Sikaflex\u00ae-295 UV \u00e9 um adesivo \u00e0 base de poliuretano de 1-componente, de consist\u00eancia pastosa e que cura por exposi\u00e7\u00e3o \u00e0 humidade atmosf\u00e9rica. \u00c9 adequado para selagens interiores e exteriores e para colagem de vidro org\u00e2nico na ind\u00fastria naval. Sikaflex\u00ae-295 UV cumpre com os requisitos estabelecidos pela International Maritime Organisation (IMO).<\/p>\n","protected":false},"excerpt":{"rendered":"<p>ADESIVO COLAGEM PLASTICO VIDRADO IND.NAUTICA  PRETO 300ML<\/p>\n","protected":false},"featured_media":1162,"template":"","meta":{"_acf_changed":false},"product_brand":[135],"product_cat":[38,39,156],"product_tag":[],"class_list":{"0":"post-1161","1":"product","2":"type-product","3":"status-publish","4":"has-post-thumbnail","6":"product_brand-sika","7":"product_cat-bate-chapa","8":"product_cat-geral","9":"product_cat-selagem","11":"first","12":"instock","13":"taxable","14":"shipping-taxable","15":"purchasable","16":"product-type-simple"},"acf":[],"_links":{"self":[{"href":"https:\/\/www.asborrego.pt\/asb\/wp-json\/wp\/v2\/product\/1161","targetHints":{"allow":["GET"]}}],"collection":[{"href":"https:\/\/www.asborrego.pt\/asb\/wp-json\/wp\/v2\/product"}],"about":[{"href":"https:\/\/www.asborrego.pt\/asb\/wp-json\/wp\/v2\/types\/product"}],"wp:featuredmedia":[{"embeddable":true,"href":"https:\/\/www.asborrego.pt\/asb\/wp-json\/wp\/v2\/media\/1162"}],"wp:attachment":[{"href":"https:\/\/www.asborrego.pt\/asb\/wp-json\/wp\/v2\/media?parent=1161"}],"wp:term":[{"taxonomy":"product_brand","embeddable":true,"href":"https:\/\/www.asborrego.pt\/asb\/wp-json\/wp\/v2\/product_brand?post=1161"},{"taxonomy":"product_cat","embeddable":true,"href":"https:\/\/www.asborrego.pt\/asb\/wp-json\/wp\/v2\/product_cat?post=1161"},{"taxonomy":"product_tag","embeddable":true,"href":"https:\/\/www.asborrego.pt\/asb\/wp-json\/wp\/v2\/product_tag?post=1161"}],"curies":[{"name":"wp","href":"https:\/\/api.w.org\/{rel}","templated":true}]}}