{"id":1165,"date":"2025-10-30T21:24:01","date_gmt":"2025-10-30T21:24:01","guid":{"rendered":"https:\/\/www.asborrego.pt\/asb\/produto\/sikaflex-529-at\/"},"modified":"2025-10-30T21:24:07","modified_gmt":"2025-10-30T21:24:07","slug":"sikaflex-529-at","status":"publish","type":"product","link":"https:\/\/www.asborrego.pt\/asb\/produto\/sikaflex-529-at\/","title":{"rendered":"SIKAFLEX 529 AT"},"content":{"rendered":"<p>Sikaflex\u00ae-529 AT \u00e9 um selante de 1-componente, tecnologia STP, project\u00e1vel e que cura por exposi\u00e7\u00e3o \u00e0 humidade atmosf\u00e9rica. \u00c9 utilizado para selagem de costuras (id\u00eanticas \u00e0s originais), em carro\u00e7aria autom\u00f3vel. Adere a todos os materiais vulgarmente utilizados em oficinas de chaparia, i.e., prim\u00e1rios e pinturas de acabamento, metais e pl\u00e1sticos. Onde aplicado, melhora a resist\u00eancia da carro\u00e7aria aos impactos de gravilha.<\/p>\n","protected":false},"excerpt":{"rendered":"<p>VEDANTE MULTIFUNCIONAL PROJECT\u00c1VEL OCRE 290ML   409006<\/p>\n","protected":false},"featured_media":1166,"template":"","meta":{"_acf_changed":false},"product_brand":[135],"product_cat":[38,39,156],"product_tag":[],"class_list":{"0":"post-1165","1":"product","2":"type-product","3":"status-publish","4":"has-post-thumbnail","6":"product_brand-sika","7":"product_cat-bate-chapa","8":"product_cat-geral","9":"product_cat-selagem","11":"first","12":"instock","13":"taxable","14":"shipping-taxable","15":"purchasable","16":"product-type-simple"},"acf":[],"_links":{"self":[{"href":"https:\/\/www.asborrego.pt\/asb\/wp-json\/wp\/v2\/product\/1165","targetHints":{"allow":["GET"]}}],"collection":[{"href":"https:\/\/www.asborrego.pt\/asb\/wp-json\/wp\/v2\/product"}],"about":[{"href":"https:\/\/www.asborrego.pt\/asb\/wp-json\/wp\/v2\/types\/product"}],"wp:featuredmedia":[{"embeddable":true,"href":"https:\/\/www.asborrego.pt\/asb\/wp-json\/wp\/v2\/media\/1166"}],"wp:attachment":[{"href":"https:\/\/www.asborrego.pt\/asb\/wp-json\/wp\/v2\/media?parent=1165"}],"wp:term":[{"taxonomy":"product_brand","embeddable":true,"href":"https:\/\/www.asborrego.pt\/asb\/wp-json\/wp\/v2\/product_brand?post=1165"},{"taxonomy":"product_cat","embeddable":true,"href":"https:\/\/www.asborrego.pt\/asb\/wp-json\/wp\/v2\/product_cat?post=1165"},{"taxonomy":"product_tag","embeddable":true,"href":"https:\/\/www.asborrego.pt\/asb\/wp-json\/wp\/v2\/product_tag?post=1165"}],"curies":[{"name":"wp","href":"https:\/\/api.w.org\/{rel}","templated":true}]}}