{"id":1167,"date":"2025-10-31T07:05:50","date_gmt":"2025-10-31T07:05:50","guid":{"rendered":"https:\/\/www.asborrego.pt\/asb\/produto\/tesa-fita-anti-derrapante\/"},"modified":"2025-10-31T07:10:35","modified_gmt":"2025-10-31T07:10:35","slug":"tesa-fita-anti-derrapante","status":"publish","type":"product","link":"https:\/\/www.asborrego.pt\/asb\/produto\/tesa-fita-anti-derrapante\/","title":{"rendered":"TESA FITA ANTI-DERRAPANTE"},"content":{"rendered":"<p>tesa\u00ae 60950 \u00e9 uma fita adesiva antiderrapante com uma ampla gama de poss\u00edveis aplica\u00e7\u00f5es. A fita antiderrapante \u00e9 composta por um suporte de PVC revestido com part\u00edculas minerais. tesa\u00ae 60950 \u00e9 a vers\u00e3o preta do produto.<\/p>\n","protected":false},"excerpt":{"rendered":"<p>60950-00001 15MX50MM PRETO<\/p>\n","protected":false},"featured_media":1171,"template":"","meta":{"_acf_changed":false},"product_brand":[147],"product_cat":[38,43,39],"product_tag":[],"class_list":{"0":"post-1167","1":"product","2":"type-product","3":"status-publish","4":"has-post-thumbnail","6":"product_brand-tesa","7":"product_cat-bate-chapa","8":"product_cat-fitas-tecnicas","9":"product_cat-geral","11":"first","12":"instock","13":"taxable","14":"shipping-taxable","15":"purchasable","16":"product-type-simple"},"acf":[],"_links":{"self":[{"href":"https:\/\/www.asborrego.pt\/asb\/wp-json\/wp\/v2\/product\/1167","targetHints":{"allow":["GET"]}}],"collection":[{"href":"https:\/\/www.asborrego.pt\/asb\/wp-json\/wp\/v2\/product"}],"about":[{"href":"https:\/\/www.asborrego.pt\/asb\/wp-json\/wp\/v2\/types\/product"}],"wp:featuredmedia":[{"embeddable":true,"href":"https:\/\/www.asborrego.pt\/asb\/wp-json\/wp\/v2\/media\/1171"}],"wp:attachment":[{"href":"https:\/\/www.asborrego.pt\/asb\/wp-json\/wp\/v2\/media?parent=1167"}],"wp:term":[{"taxonomy":"product_brand","embeddable":true,"href":"https:\/\/www.asborrego.pt\/asb\/wp-json\/wp\/v2\/product_brand?post=1167"},{"taxonomy":"product_cat","embeddable":true,"href":"https:\/\/www.asborrego.pt\/asb\/wp-json\/wp\/v2\/product_cat?post=1167"},{"taxonomy":"product_tag","embeddable":true,"href":"https:\/\/www.asborrego.pt\/asb\/wp-json\/wp\/v2\/product_tag?post=1167"}],"curies":[{"name":"wp","href":"https:\/\/api.w.org\/{rel}","templated":true}]}}