{"id":1168,"date":"2025-10-31T07:05:50","date_gmt":"2025-10-31T07:05:50","guid":{"rendered":"https:\/\/www.asborrego.pt\/asb\/produto\/tesa-xtreme-conditions\/"},"modified":"2025-10-31T07:14:20","modified_gmt":"2025-10-31T07:14:20","slug":"tesa-xtreme-conditions","status":"publish","type":"product","link":"https:\/\/www.asborrego.pt\/asb\/produto\/tesa-xtreme-conditions\/","title":{"rendered":"TESA XTREME CONDITIONS,"},"content":{"rendered":"<p>tesa\u00ae 4600 \u00e9 uma fita forte de auto-amalgam\u00e1vel, em silicone, que se cola sem adesivo. \u00c9 aplicada com tens\u00e3o ao enrolar a fita sobre si mesma. A uni\u00e3o de tesa\u00ae 4600 sobre si mesma cria um selante permanente, imperme\u00e1vel. N\u00e3o exige qualquer tempo de secagem. O seu material flex\u00edvel pode ser aplicado sem problemas sobre qualquer tipo de superf\u00edcie, incluindo molhadas ou quentes, sujas ou oleosas. Xtreme Conditions pode tamb\u00e9m ser utilizado para aplica\u00e7\u00f5es tempor\u00e1rias n\u00e3o deixando res\u00edduos ap\u00f3s remo\u00e7\u00e3o. A fita pode mesmo ser aplicada debaixo de \u00e1gua. Devido ao seu suporte em silicone a fita tem uma excelente resist\u00eancia a v\u00e1rias subst\u00e2ncias qu\u00edmicas, \u00f3leos, \u00e1cidos, solventes, \u00e1gua salgada, radia\u00e7\u00e3o UV e temperaturas extremas.<\/p>\n<p>tesa\u00ae 4600 para a distribui\u00e7\u00e3o profissional e para aplica\u00e7\u00f5es standard existe com uma uma espessura de 500\u00b5m e com um comprimento de rolo de 3m. Est\u00e1 dispon\u00edvel em transparente e preto e existe sempre com um liner.<\/p>\n","protected":false},"excerpt":{"rendered":"<p>BLISTER C\/ ROLO 3MX25MM, Preto 04600-00001-00<\/p>\n","protected":false},"featured_media":1172,"template":"","meta":{"_acf_changed":false},"product_brand":[147],"product_cat":[38,43,39],"product_tag":[],"class_list":{"0":"post-1168","1":"product","2":"type-product","3":"status-publish","4":"has-post-thumbnail","6":"product_brand-tesa","7":"product_cat-bate-chapa","8":"product_cat-fitas-tecnicas","9":"product_cat-geral","11":"first","12":"instock","13":"taxable","14":"shipping-taxable","15":"purchasable","16":"product-type-simple"},"acf":[],"_links":{"self":[{"href":"https:\/\/www.asborrego.pt\/asb\/wp-json\/wp\/v2\/product\/1168","targetHints":{"allow":["GET"]}}],"collection":[{"href":"https:\/\/www.asborrego.pt\/asb\/wp-json\/wp\/v2\/product"}],"about":[{"href":"https:\/\/www.asborrego.pt\/asb\/wp-json\/wp\/v2\/types\/product"}],"wp:featuredmedia":[{"embeddable":true,"href":"https:\/\/www.asborrego.pt\/asb\/wp-json\/wp\/v2\/media\/1172"}],"wp:attachment":[{"href":"https:\/\/www.asborrego.pt\/asb\/wp-json\/wp\/v2\/media?parent=1168"}],"wp:term":[{"taxonomy":"product_brand","embeddable":true,"href":"https:\/\/www.asborrego.pt\/asb\/wp-json\/wp\/v2\/product_brand?post=1168"},{"taxonomy":"product_cat","embeddable":true,"href":"https:\/\/www.asborrego.pt\/asb\/wp-json\/wp\/v2\/product_cat?post=1168"},{"taxonomy":"product_tag","embeddable":true,"href":"https:\/\/www.asborrego.pt\/asb\/wp-json\/wp\/v2\/product_tag?post=1168"}],"curies":[{"name":"wp","href":"https:\/\/api.w.org\/{rel}","templated":true}]}}