{"id":1170,"date":"2025-10-31T07:05:50","date_gmt":"2025-10-31T07:05:50","guid":{"rendered":"https:\/\/www.asborrego.pt\/asb\/produto\/tesa-51608\/"},"modified":"2025-10-31T07:17:30","modified_gmt":"2025-10-31T07:17:30","slug":"tesa-51608","status":"publish","type":"product","link":"https:\/\/www.asborrego.pt\/asb\/produto\/tesa-51608\/","title":{"rendered":"TESA 51608"},"content":{"rendered":"<p>tesa\u00ae 51608 \u00e9 a fita universal para agrupamento de cablagens no habit\u00e1culo do passageiro. Combina caracter\u00edsticas importantes como amortecimento de ru\u00eddo, resist\u00eancia \u00e0 abras\u00e3o e for\u00e7a de agrupamento, mantendo as cablagens flex\u00edveis e facilitando o processo de montagem das cablagens no fabricante de equipamento original (OEM). tesa\u00ae 51608 \u00e9 uma fita de velo de PET para cablagens com um adesivo \u00e0 base de borracha otimizado para aplica\u00e7\u00e3o manual.<\/p>\n","protected":false},"excerpt":{"rendered":"<p>Fita de velo de PET para flexibilidade e amortecimento de ru\u00eddo. TESA 51608, FITA ISOLADORA TESAFLEECE 25MX19MM PRETO 51608-00001<\/p>\n","protected":false},"featured_media":1174,"template":"","meta":{"_acf_changed":false},"product_brand":[147],"product_cat":[38,43,39],"product_tag":[],"class_list":{"0":"post-1170","1":"product","2":"type-product","3":"status-publish","4":"has-post-thumbnail","6":"product_brand-tesa","7":"product_cat-bate-chapa","8":"product_cat-fitas-tecnicas","9":"product_cat-geral","11":"first","12":"instock","13":"taxable","14":"shipping-taxable","15":"purchasable","16":"product-type-simple"},"acf":[],"_links":{"self":[{"href":"https:\/\/www.asborrego.pt\/asb\/wp-json\/wp\/v2\/product\/1170","targetHints":{"allow":["GET"]}}],"collection":[{"href":"https:\/\/www.asborrego.pt\/asb\/wp-json\/wp\/v2\/product"}],"about":[{"href":"https:\/\/www.asborrego.pt\/asb\/wp-json\/wp\/v2\/types\/product"}],"wp:featuredmedia":[{"embeddable":true,"href":"https:\/\/www.asborrego.pt\/asb\/wp-json\/wp\/v2\/media\/1174"}],"wp:attachment":[{"href":"https:\/\/www.asborrego.pt\/asb\/wp-json\/wp\/v2\/media?parent=1170"}],"wp:term":[{"taxonomy":"product_brand","embeddable":true,"href":"https:\/\/www.asborrego.pt\/asb\/wp-json\/wp\/v2\/product_brand?post=1170"},{"taxonomy":"product_cat","embeddable":true,"href":"https:\/\/www.asborrego.pt\/asb\/wp-json\/wp\/v2\/product_cat?post=1170"},{"taxonomy":"product_tag","embeddable":true,"href":"https:\/\/www.asborrego.pt\/asb\/wp-json\/wp\/v2\/product_tag?post=1170"}],"curies":[{"name":"wp","href":"https:\/\/api.w.org\/{rel}","templated":true}]}}