{"id":1197,"date":"2025-10-31T10:57:37","date_gmt":"2025-10-31T10:57:37","guid":{"rendered":"https:\/\/www.asborrego.pt\/asb\/produto\/3m-hookit-disco-abrasivo-255p\/"},"modified":"2025-10-31T10:57:38","modified_gmt":"2025-10-31T10:57:38","slug":"3m-hookit-disco-abrasivo-255p","status":"publish","type":"product","link":"https:\/\/www.asborrego.pt\/asb\/produto\/3m-hookit-disco-abrasivo-255p\/","title":{"rendered":"3M\u2122 Hookit\u2122 Disco abrasivo 255P"},"content":{"rendered":"<p>O Disco 3M\u2122 Hookit\u2122 255P baseia-se em minerais de \u00d3xido de Alum\u00ednio e inclui um revestimento antiempapamento para lixagem leve de rendimento superior em muitos substratos diferentes. Os discos e suportes 255P tem maior capacidade de corte, menos empapamento e uma redu\u00e7\u00e3o de p\u00f3 no ar. Equipados com o sistema de fixa\u00e7\u00e3o 3M\u2122 Hookit\u2122 para mudan\u00e7as r\u00e1pidas<\/p>\n","protected":false},"excerpt":{"rendered":"<p>3M\u2122 Hookit\u2122 Disco Ouro 255P \u00e9 um disco abrasivo de peso C para lixagem leve de uso geral. O popular abrasivo 255P Gold oferece desempenho superior.<\/p>\n","protected":false},"featured_media":1198,"template":"","meta":{"_acf_changed":false},"product_brand":[129],"product_cat":[99,97,96],"product_tag":[],"class_list":{"0":"post-1197","1":"product","2":"type-product","3":"status-publish","4":"has-post-thumbnail","6":"product_brand-3m","7":"product_cat-discos-de-lixar","8":"product_cat-lixagem","9":"product_cat-pintura","11":"first","12":"instock","13":"taxable","14":"shipping-taxable","15":"purchasable","16":"product-type-simple"},"acf":[],"_links":{"self":[{"href":"https:\/\/www.asborrego.pt\/asb\/wp-json\/wp\/v2\/product\/1197","targetHints":{"allow":["GET"]}}],"collection":[{"href":"https:\/\/www.asborrego.pt\/asb\/wp-json\/wp\/v2\/product"}],"about":[{"href":"https:\/\/www.asborrego.pt\/asb\/wp-json\/wp\/v2\/types\/product"}],"wp:featuredmedia":[{"embeddable":true,"href":"https:\/\/www.asborrego.pt\/asb\/wp-json\/wp\/v2\/media\/1198"}],"wp:attachment":[{"href":"https:\/\/www.asborrego.pt\/asb\/wp-json\/wp\/v2\/media?parent=1197"}],"wp:term":[{"taxonomy":"product_brand","embeddable":true,"href":"https:\/\/www.asborrego.pt\/asb\/wp-json\/wp\/v2\/product_brand?post=1197"},{"taxonomy":"product_cat","embeddable":true,"href":"https:\/\/www.asborrego.pt\/asb\/wp-json\/wp\/v2\/product_cat?post=1197"},{"taxonomy":"product_tag","embeddable":true,"href":"https:\/\/www.asborrego.pt\/asb\/wp-json\/wp\/v2\/product_tag?post=1197"}],"curies":[{"name":"wp","href":"https:\/\/api.w.org\/{rel}","templated":true}]}}