{"id":1199,"date":"2025-10-31T10:57:37","date_gmt":"2025-10-31T10:57:37","guid":{"rendered":"https:\/\/www.asborrego.pt\/asb\/produto\/3m-massa-51815-perfect-it-iii-fast-cut-plus-extreme-1kg\/"},"modified":"2025-10-31T10:57:38","modified_gmt":"2025-10-31T10:57:38","slug":"3m-massa-51815-perfect-it-iii-fast-cut-plus-extreme-1kg","status":"publish","type":"product","link":"https:\/\/www.asborrego.pt\/asb\/produto\/3m-massa-51815-perfect-it-iii-fast-cut-plus-extreme-1kg\/","title":{"rendered":"3M\u2122 MASSA 51815 PERFECT-IT III FAST CUT PLUS EXTREME 1KG"},"content":{"rendered":"<p>O Corte R\u00e1pido Plus Extreme 3M\u2122 Perfect-It\u2122 \u00e9 um composto l\u00edquido abrasivo de corte r\u00e1pido, concebido para remover rapidamente os riscos da lixa ap\u00f3s o processo de alisamento ou remo\u00e7\u00e3o de aparas com 3M 260 L P1500 seguido de Trizact 3000 e para obter um alto brilho em pintura autom\u00f3vel, tanto fresca como envelhecida. Utilize com uma polidora rotativa ou orbital, equipada com uma esponja verde da gama de compostos com codifica\u00e7\u00e3o por cores da 3M\u2122. O Polimento de Corte R\u00e1pido Plus Extreme 3M\u2122 Perfect-It\u2122 \u00e9 um dos compostos codificados por cores premiados de \u00faltima gera\u00e7\u00e3o, concebido para todos os tipos de trabalhos de retifica\u00e7\u00e3o ou restauro de pintura, tais como oxida\u00e7\u00e3o, riscos superficiais, riscos de lavagem autom\u00f3vel, etc. Consiga um acabamento de brilho superior.<\/p>\n","protected":false},"excerpt":{"rendered":"<p>O Corte R\u00e1pido Plus Extreme 3M\u2122 Perfect-It\u2122 \u00e9 um composto l\u00edquido abrasivo de corte r\u00e1pido, concebido para remover rapidamente os riscos da lixa ap\u00f3s o processo de alisamento ou remo\u00e7\u00e3o de aparas com 3M 260 L P1500 seguido de Trizact 3000. Utilize com a esponja verde da gama de compostos com codifica\u00e7\u00e3o por cores da 3M\u2122.<\/p>\n","protected":false},"featured_media":1200,"template":"","meta":{"_acf_changed":false},"product_brand":[129],"product_cat":[112,96,108],"product_tag":[],"class_list":{"0":"post-1199","1":"product","2":"type-product","3":"status-publish","4":"has-post-thumbnail","6":"product_brand-3m","7":"product_cat-massas-de-polir","8":"product_cat-pintura","9":"product_cat-polimento","11":"first","12":"instock","13":"taxable","14":"shipping-taxable","15":"purchasable","16":"product-type-simple"},"acf":[],"_links":{"self":[{"href":"https:\/\/www.asborrego.pt\/asb\/wp-json\/wp\/v2\/product\/1199","targetHints":{"allow":["GET"]}}],"collection":[{"href":"https:\/\/www.asborrego.pt\/asb\/wp-json\/wp\/v2\/product"}],"about":[{"href":"https:\/\/www.asborrego.pt\/asb\/wp-json\/wp\/v2\/types\/product"}],"wp:featuredmedia":[{"embeddable":true,"href":"https:\/\/www.asborrego.pt\/asb\/wp-json\/wp\/v2\/media\/1200"}],"wp:attachment":[{"href":"https:\/\/www.asborrego.pt\/asb\/wp-json\/wp\/v2\/media?parent=1199"}],"wp:term":[{"taxonomy":"product_brand","embeddable":true,"href":"https:\/\/www.asborrego.pt\/asb\/wp-json\/wp\/v2\/product_brand?post=1199"},{"taxonomy":"product_cat","embeddable":true,"href":"https:\/\/www.asborrego.pt\/asb\/wp-json\/wp\/v2\/product_cat?post=1199"},{"taxonomy":"product_tag","embeddable":true,"href":"https:\/\/www.asborrego.pt\/asb\/wp-json\/wp\/v2\/product_tag?post=1199"}],"curies":[{"name":"wp","href":"https:\/\/api.w.org\/{rel}","templated":true}]}}