{"id":1201,"date":"2025-10-31T10:57:37","date_gmt":"2025-10-31T10:57:37","guid":{"rendered":"https:\/\/www.asborrego.pt\/asb\/produto\/3m-grippy-35111\/"},"modified":"2025-10-31T10:57:39","modified_gmt":"2025-10-31T10:57:39","slug":"3m-grippy-35111","status":"publish","type":"product","link":"https:\/\/www.asborrego.pt\/asb\/produto\/3m-grippy-35111\/","title":{"rendered":"3M\u2122 GRIPPY 35111"},"content":{"rendered":"<p>As Telas de lixagem aderentes 3M\u2122 foram projetados para aplica\u00e7\u00e3o de lixa manual em processos de prepara\u00e7\u00e3o e acabamento de tinta.<\/p>\n<p>As Telas de lixagem aderentes 3M\u2122 combinam o excelente desempenho de corte e acabamento com alta flexibilidade, adaptabilidade e ader\u00eancia superior, permitindo que o utilizador segure o produto facilmente sem qualquer acess\u00f3rio em ambientes h\u00famidos e empoeirados ou at\u00e9 superf\u00edcies oleosas. O produto oferece uma sensa\u00e7\u00e3o \u00fanica e suave. Este produto \u00e9 excelente para lixagem de arestas de pain\u00e9is e pe\u00e7as que envolvam \u00e1reas de dif\u00edcil acesso.<\/p>\n","protected":false},"excerpt":{"rendered":"<p>ABRASIVO ALTA ADERENCIA ( rolo 20-unidades) P600 139mmX114mm 3M<\/p>\n","protected":false},"featured_media":1202,"template":"","meta":{"_acf_changed":false},"product_brand":[129],"product_cat":[160,97,96],"product_tag":[],"class_list":{"0":"post-1201","1":"product","2":"type-product","3":"status-publish","4":"has-post-thumbnail","6":"product_brand-3m","7":"product_cat-esponja-abrasivas","8":"product_cat-lixagem","9":"product_cat-pintura","11":"first","12":"instock","13":"taxable","14":"shipping-taxable","15":"purchasable","16":"product-type-simple"},"acf":[],"_links":{"self":[{"href":"https:\/\/www.asborrego.pt\/asb\/wp-json\/wp\/v2\/product\/1201","targetHints":{"allow":["GET"]}}],"collection":[{"href":"https:\/\/www.asborrego.pt\/asb\/wp-json\/wp\/v2\/product"}],"about":[{"href":"https:\/\/www.asborrego.pt\/asb\/wp-json\/wp\/v2\/types\/product"}],"wp:featuredmedia":[{"embeddable":true,"href":"https:\/\/www.asborrego.pt\/asb\/wp-json\/wp\/v2\/media\/1202"}],"wp:attachment":[{"href":"https:\/\/www.asborrego.pt\/asb\/wp-json\/wp\/v2\/media?parent=1201"}],"wp:term":[{"taxonomy":"product_brand","embeddable":true,"href":"https:\/\/www.asborrego.pt\/asb\/wp-json\/wp\/v2\/product_brand?post=1201"},{"taxonomy":"product_cat","embeddable":true,"href":"https:\/\/www.asborrego.pt\/asb\/wp-json\/wp\/v2\/product_cat?post=1201"},{"taxonomy":"product_tag","embeddable":true,"href":"https:\/\/www.asborrego.pt\/asb\/wp-json\/wp\/v2\/product_tag?post=1201"}],"curies":[{"name":"wp","href":"https:\/\/api.w.org\/{rel}","templated":true}]}}