{"id":1203,"date":"2025-10-31T10:57:37","date_gmt":"2025-10-31T10:57:37","guid":{"rendered":"https:\/\/www.asborrego.pt\/asb\/produto\/3m-cera-protetora-1-l-pn80345\/"},"modified":"2025-10-31T10:57:41","modified_gmt":"2025-10-31T10:57:41","slug":"3m-cera-protetora-1-l-pn80345","status":"publish","type":"product","link":"https:\/\/www.asborrego.pt\/asb\/produto\/3m-cera-protetora-1-l-pn80345\/","title":{"rendered":"3M\u2122 Cera Protetora 1 L, PN80345"},"content":{"rendered":"<p>Aplique a massa de polir rosa 3M\u2122 \u00e0 m\u00e3o ou com m\u00e1quina para conseguir um brilho profundo sem manchas, al\u00e9m de uma prote\u00e7\u00e3o de cera e um acabamento duradouros. A nossa massa de polir n\u00e3o descolorar\u00e1 nenhuma pe\u00e7a de borracha preta. Obter\u00e1 uma limpeza perfeita em \u00e1reas de grandes ou pequenas dimens\u00f5es. \u00c9 indispens\u00e1vel em qualquer kit de limpeza ou restauro de ve\u00edculos.<\/p>\n<p>Consiga um brilho profundo e uma prote\u00e7\u00e3o excecional sem manchas com a massa de polir rosa 3M\u2122. N\u00e3o descolorar\u00e1 nenhuma pe\u00e7a de borracha preta. N\u00e3o manchar\u00e1 borracha nem pl\u00e1stico. Para obter resultados \u00f3timos, basta limpar o res\u00edduo em excesso com uma toalhita de polimento da 3M. Os profissionais do setor recomendam altamente a nossa massa de polir \u00e0 base de silicone para restaurar o brilho original da pintura e conseguir uma excecional prote\u00e7\u00e3o de cera de grande dura\u00e7\u00e3o. Tamb\u00e9m proporciona uma limpeza perfeita em \u00e1reas de grandes ou pequenas dimens\u00f5es. \u00c9 indispens\u00e1vel em qualquer kit de limpeza ou restauro de ve\u00edculos.<\/p>\n","protected":false},"excerpt":{"rendered":"<p>Cera de pol\u00edmeros de silicone para um acabamento de alto brilho e prote\u00e7\u00e3o duradora<\/p>\n","protected":false},"featured_media":1204,"template":"","meta":{"_acf_changed":false},"product_brand":[129],"product_cat":[112,96,108],"product_tag":[],"class_list":{"0":"post-1203","1":"product","2":"type-product","3":"status-publish","4":"has-post-thumbnail","6":"product_brand-3m","7":"product_cat-massas-de-polir","8":"product_cat-pintura","9":"product_cat-polimento","11":"first","12":"instock","13":"taxable","14":"shipping-taxable","15":"purchasable","16":"product-type-simple"},"acf":[],"_links":{"self":[{"href":"https:\/\/www.asborrego.pt\/asb\/wp-json\/wp\/v2\/product\/1203","targetHints":{"allow":["GET"]}}],"collection":[{"href":"https:\/\/www.asborrego.pt\/asb\/wp-json\/wp\/v2\/product"}],"about":[{"href":"https:\/\/www.asborrego.pt\/asb\/wp-json\/wp\/v2\/types\/product"}],"wp:featuredmedia":[{"embeddable":true,"href":"https:\/\/www.asborrego.pt\/asb\/wp-json\/wp\/v2\/media\/1204"}],"wp:attachment":[{"href":"https:\/\/www.asborrego.pt\/asb\/wp-json\/wp\/v2\/media?parent=1203"}],"wp:term":[{"taxonomy":"product_brand","embeddable":true,"href":"https:\/\/www.asborrego.pt\/asb\/wp-json\/wp\/v2\/product_brand?post=1203"},{"taxonomy":"product_cat","embeddable":true,"href":"https:\/\/www.asborrego.pt\/asb\/wp-json\/wp\/v2\/product_cat?post=1203"},{"taxonomy":"product_tag","embeddable":true,"href":"https:\/\/www.asborrego.pt\/asb\/wp-json\/wp\/v2\/product_tag?post=1203"}],"curies":[{"name":"wp","href":"https:\/\/api.w.org\/{rel}","templated":true}]}}