{"id":1205,"date":"2025-10-31T10:57:37","date_gmt":"2025-10-31T10:57:37","guid":{"rendered":"https:\/\/www.asborrego.pt\/asb\/produto\/3m-disco-cubitron-150-mm-multifuros-80\/"},"modified":"2025-10-31T10:57:42","modified_gmt":"2025-10-31T10:57:42","slug":"3m-disco-cubitron-150-mm-multifuros-80","status":"publish","type":"product","link":"https:\/\/www.asborrego.pt\/asb\/produto\/3m-disco-cubitron-150-mm-multifuros-80\/","title":{"rendered":"3M\u2122 Disco Cubitron\u2122  150 mm, Multifuros, 80+"},"content":{"rendered":"<p>O Disco Abrasivo para Lixagem Limpa 3M\u2122 Cubitron\u2122 II Hookit\u2122 737U combina a mais avan\u00e7ada tecnologia 3M\u2122 para repara\u00e7\u00e3o autom\u00f3vel. O seu gr\u00e3o triangular de longa dura\u00e7\u00e3o e o padr\u00e3o multifuros para uma extra\u00e7\u00e3o de poeiras superior tornam o disco ideal para uma vida \u00fatil longa. A ampla variedade de gr\u00e3os dispon\u00edveis oferece discos para trabalhos autom\u00f3veis grosseiros at\u00e9 \u00e0 lixagem fina de \u00e1reas de prepara\u00e7\u00e3o. O sistema 3M\u2122 Hookit\u2122 permite uma troca r\u00e1pida dos discos.<\/p>\n","protected":false},"excerpt":{"rendered":"<p>Disco Abrasivo de Gr\u00e3o de Alta Precis\u00e3o 3M\u2122 de formato triangular que cortam pelo menos 30% mais r\u00e1pido e duram pelo menos 30% mais do que outros abrasivos cer\u00e2micos convencionais<\/p>\n","protected":false},"featured_media":1206,"template":"","meta":{"_acf_changed":false},"product_brand":[129],"product_cat":[99,97,96],"product_tag":[],"class_list":{"0":"post-1205","1":"product","2":"type-product","3":"status-publish","4":"has-post-thumbnail","6":"product_brand-3m","7":"product_cat-discos-de-lixar","8":"product_cat-lixagem","9":"product_cat-pintura","11":"first","12":"instock","13":"taxable","14":"shipping-taxable","15":"purchasable","16":"product-type-simple"},"acf":[],"_links":{"self":[{"href":"https:\/\/www.asborrego.pt\/asb\/wp-json\/wp\/v2\/product\/1205","targetHints":{"allow":["GET"]}}],"collection":[{"href":"https:\/\/www.asborrego.pt\/asb\/wp-json\/wp\/v2\/product"}],"about":[{"href":"https:\/\/www.asborrego.pt\/asb\/wp-json\/wp\/v2\/types\/product"}],"wp:featuredmedia":[{"embeddable":true,"href":"https:\/\/www.asborrego.pt\/asb\/wp-json\/wp\/v2\/media\/1206"}],"wp:attachment":[{"href":"https:\/\/www.asborrego.pt\/asb\/wp-json\/wp\/v2\/media?parent=1205"}],"wp:term":[{"taxonomy":"product_brand","embeddable":true,"href":"https:\/\/www.asborrego.pt\/asb\/wp-json\/wp\/v2\/product_brand?post=1205"},{"taxonomy":"product_cat","embeddable":true,"href":"https:\/\/www.asborrego.pt\/asb\/wp-json\/wp\/v2\/product_cat?post=1205"},{"taxonomy":"product_tag","embeddable":true,"href":"https:\/\/www.asborrego.pt\/asb\/wp-json\/wp\/v2\/product_tag?post=1205"}],"curies":[{"name":"wp","href":"https:\/\/api.w.org\/{rel}","templated":true}]}}