{"id":1207,"date":"2025-10-31T10:57:37","date_gmt":"2025-10-31T10:57:37","guid":{"rendered":"https:\/\/www.asborrego.pt\/asb\/produto\/3m-massa-de-polimento-ultrafina\/"},"modified":"2025-10-31T10:57:43","modified_gmt":"2025-10-31T10:57:43","slug":"3m-massa-de-polimento-ultrafina","status":"publish","type":"product","link":"https:\/\/www.asborrego.pt\/asb\/produto\/3m-massa-de-polimento-ultrafina\/","title":{"rendered":"3M\u2122 Massa de polimento Ultrafina"},"content":{"rendered":"<p>Utilize a massa de polir Ultrafina SE 3M\u2122 Perfect-It\u2122 com as nossas m\u00e1quinas de polir para conseguir um acabamento excecional de alto brilho nos ve\u00edculos, sem deixar marcas circulares e hologramas. Foi concebida para ser utilizada como \u00faltimo passo no processo de codifica\u00e7\u00e3o por cores, a fim de ajudar a obter um acabamento definitivo e permitir uma limpeza posterior r\u00e1pida.<\/p>\n","protected":false},"excerpt":{"rendered":"<p>MASSA 50383 PERFECT-IT  ULTRAFINA SE 1LT 3M<\/p>\n","protected":false},"featured_media":1208,"template":"","meta":{"_acf_changed":false},"product_brand":[129],"product_cat":[112,96,108],"product_tag":[],"class_list":{"0":"post-1207","1":"product","2":"type-product","3":"status-publish","4":"has-post-thumbnail","6":"product_brand-3m","7":"product_cat-massas-de-polir","8":"product_cat-pintura","9":"product_cat-polimento","11":"first","12":"instock","13":"taxable","14":"shipping-taxable","15":"purchasable","16":"product-type-simple"},"acf":[],"_links":{"self":[{"href":"https:\/\/www.asborrego.pt\/asb\/wp-json\/wp\/v2\/product\/1207","targetHints":{"allow":["GET"]}}],"collection":[{"href":"https:\/\/www.asborrego.pt\/asb\/wp-json\/wp\/v2\/product"}],"about":[{"href":"https:\/\/www.asborrego.pt\/asb\/wp-json\/wp\/v2\/types\/product"}],"wp:featuredmedia":[{"embeddable":true,"href":"https:\/\/www.asborrego.pt\/asb\/wp-json\/wp\/v2\/media\/1208"}],"wp:attachment":[{"href":"https:\/\/www.asborrego.pt\/asb\/wp-json\/wp\/v2\/media?parent=1207"}],"wp:term":[{"taxonomy":"product_brand","embeddable":true,"href":"https:\/\/www.asborrego.pt\/asb\/wp-json\/wp\/v2\/product_brand?post=1207"},{"taxonomy":"product_cat","embeddable":true,"href":"https:\/\/www.asborrego.pt\/asb\/wp-json\/wp\/v2\/product_cat?post=1207"},{"taxonomy":"product_tag","embeddable":true,"href":"https:\/\/www.asborrego.pt\/asb\/wp-json\/wp\/v2\/product_tag?post=1207"}],"curies":[{"name":"wp","href":"https:\/\/api.w.org\/{rel}","templated":true}]}}