{"id":1215,"date":"2025-10-31T12:22:50","date_gmt":"2025-10-31T12:22:50","guid":{"rendered":"https:\/\/www.asborrego.pt\/asb\/produto\/prato-de-lixar-fusion-tec\/"},"modified":"2025-10-31T12:22:50","modified_gmt":"2025-10-31T12:22:50","slug":"prato-de-lixar-fusion-tec","status":"publish","type":"product","link":"https:\/\/www.asborrego.pt\/asb\/produto\/prato-de-lixar-fusion-tec\/","title":{"rendered":"Prato de lixar FUSION-TEC"},"content":{"rendered":"<p>O prato MULTI-JETSTREAM 2, patenteado, garante resultados de lixagem excecionais gra\u00e7as ao seu princ\u00edpio de funcionamento \u00fanico. O MULTI-JETSTREAM 2 define-se pela sua conjuga\u00e7\u00e3o exclusiva de entrada e sa\u00edda de ar \u2013 com recolha ideal de p\u00f3 at\u00e9 aos bordos. O resultado: quase 100% de aspira\u00e7\u00e3o para manter o elevado desbaste, a qualidade da superf\u00edcie m\u00e1xima e o trabalho saud\u00e1vel.<\/p>\n","protected":false},"excerpt":{"rendered":"<p>FESTOOL PRATO ST-STF D150\/17FT-M8-W-HT 150MM SOFT PN202709\/202458<\/p>\n","protected":false},"featured_media":1216,"template":"","meta":{"_acf_changed":false},"product_brand":[136],"product_cat":[97,96,164],"product_tag":[],"class_list":{"0":"post-1215","1":"product","2":"type-product","3":"status-publish","4":"has-post-thumbnail","6":"product_brand-festool","7":"product_cat-lixagem","8":"product_cat-pintura","9":"product_cat-pratos","11":"first","12":"instock","13":"taxable","14":"shipping-taxable","15":"purchasable","16":"product-type-simple"},"acf":[],"_links":{"self":[{"href":"https:\/\/www.asborrego.pt\/asb\/wp-json\/wp\/v2\/product\/1215","targetHints":{"allow":["GET"]}}],"collection":[{"href":"https:\/\/www.asborrego.pt\/asb\/wp-json\/wp\/v2\/product"}],"about":[{"href":"https:\/\/www.asborrego.pt\/asb\/wp-json\/wp\/v2\/types\/product"}],"wp:featuredmedia":[{"embeddable":true,"href":"https:\/\/www.asborrego.pt\/asb\/wp-json\/wp\/v2\/media\/1216"}],"wp:attachment":[{"href":"https:\/\/www.asborrego.pt\/asb\/wp-json\/wp\/v2\/media?parent=1215"}],"wp:term":[{"taxonomy":"product_brand","embeddable":true,"href":"https:\/\/www.asborrego.pt\/asb\/wp-json\/wp\/v2\/product_brand?post=1215"},{"taxonomy":"product_cat","embeddable":true,"href":"https:\/\/www.asborrego.pt\/asb\/wp-json\/wp\/v2\/product_cat?post=1215"},{"taxonomy":"product_tag","embeddable":true,"href":"https:\/\/www.asborrego.pt\/asb\/wp-json\/wp\/v2\/product_tag?post=1215"}],"curies":[{"name":"wp","href":"https:\/\/api.w.org\/{rel}","templated":true}]}}