{"id":1225,"date":"2025-10-31T12:22:50","date_gmt":"2025-10-31T12:22:50","guid":{"rendered":"https:\/\/www.asborrego.pt\/asb\/produto\/massa-polimento-mpa-5010-or-05l\/"},"modified":"2025-10-31T12:23:05","modified_gmt":"2025-10-31T12:23:05","slug":"massa-polimento-mpa-5010-or-05l","status":"publish","type":"product","link":"https:\/\/www.asborrego.pt\/asb\/produto\/massa-polimento-mpa-5010-or-05l\/","title":{"rendered":"Massa Polimento MPA 5010 OR\/0,5L"},"content":{"rendered":"<p>Os produtos de polir Festool facilitam o acabamento. Ajustados de forma ideal aos diferentes trabalhos de acabamento, em conjunto com a esponja adequada, obt\u00eam resultados \u00f3timos com um esfor\u00e7o m\u00ednimo.<\/p>\n","protected":false},"excerpt":{"rendered":"<p>FESTOOL PRODUTO POLIMENTO MPA 5010 500ML   202048<\/p>\n","protected":false},"featured_media":1226,"template":"","meta":{"_acf_changed":false},"product_brand":[136],"product_cat":[112,96,108],"product_tag":[],"class_list":{"0":"post-1225","1":"product","2":"type-product","3":"status-publish","4":"has-post-thumbnail","6":"product_brand-festool","7":"product_cat-massas-de-polir","8":"product_cat-pintura","9":"product_cat-polimento","11":"first","12":"instock","13":"taxable","14":"shipping-taxable","15":"purchasable","16":"product-type-simple"},"acf":[],"_links":{"self":[{"href":"https:\/\/www.asborrego.pt\/asb\/wp-json\/wp\/v2\/product\/1225","targetHints":{"allow":["GET"]}}],"collection":[{"href":"https:\/\/www.asborrego.pt\/asb\/wp-json\/wp\/v2\/product"}],"about":[{"href":"https:\/\/www.asborrego.pt\/asb\/wp-json\/wp\/v2\/types\/product"}],"wp:featuredmedia":[{"embeddable":true,"href":"https:\/\/www.asborrego.pt\/asb\/wp-json\/wp\/v2\/media\/1226"}],"wp:attachment":[{"href":"https:\/\/www.asborrego.pt\/asb\/wp-json\/wp\/v2\/media?parent=1225"}],"wp:term":[{"taxonomy":"product_brand","embeddable":true,"href":"https:\/\/www.asborrego.pt\/asb\/wp-json\/wp\/v2\/product_brand?post=1225"},{"taxonomy":"product_cat","embeddable":true,"href":"https:\/\/www.asborrego.pt\/asb\/wp-json\/wp\/v2\/product_cat?post=1225"},{"taxonomy":"product_tag","embeddable":true,"href":"https:\/\/www.asborrego.pt\/asb\/wp-json\/wp\/v2\/product_tag?post=1225"}],"curies":[{"name":"wp","href":"https:\/\/api.w.org\/{rel}","templated":true}]}}