{"id":999,"date":"2025-09-12T10:56:34","date_gmt":"2025-09-12T10:56:34","guid":{"rendered":"https:\/\/www.asborrego.pt\/asb\/product\/1z-einszett-cockpit-premil\/"},"modified":"2025-10-30T13:57:21","modified_gmt":"2025-10-30T13:57:21","slug":"sikaflex-221","status":"publish","type":"product","link":"https:\/\/www.asborrego.pt\/asb\/produto\/sikaflex-221\/","title":{"rendered":"Sikaflex\u00ae-221"},"content":{"rendered":"<div class=\"wpb-content-wrapper\"><p>[vc_row][vc_column][vc_column_text css=&#8221;&#8221; css_params=&#8221;&#8221;][\/vc_column_text][\/vc_column][\/vc_row]<\/p>\n<\/div>","protected":false},"excerpt":{"rendered":"<p>Sikaflex\u00ae-221 \u00e9 um adesivo\/selante de poliuretano multifuncional que adere a metais, cer\u00e2micas e pl\u00e1sticos, indicado para veda\u00e7\u00f5es el\u00e1sticas permanentes.<\/p>\n","protected":false},"featured_media":1104,"template":"","meta":{"_acf_changed":false},"product_brand":[135],"product_cat":[38,39,156],"product_tag":[],"class_list":{"0":"post-999","1":"product","2":"type-product","3":"status-publish","4":"has-post-thumbnail","6":"product_brand-sika","7":"product_cat-bate-chapa","8":"product_cat-geral","9":"product_cat-selagem","11":"first","12":"instock","13":"taxable","14":"shipping-taxable","15":"purchasable","16":"product-type-simple"},"acf":[],"_links":{"self":[{"href":"https:\/\/www.asborrego.pt\/asb\/wp-json\/wp\/v2\/product\/999","targetHints":{"allow":["GET"]}}],"collection":[{"href":"https:\/\/www.asborrego.pt\/asb\/wp-json\/wp\/v2\/product"}],"about":[{"href":"https:\/\/www.asborrego.pt\/asb\/wp-json\/wp\/v2\/types\/product"}],"wp:featuredmedia":[{"embeddable":true,"href":"https:\/\/www.asborrego.pt\/asb\/wp-json\/wp\/v2\/media\/1104"}],"wp:attachment":[{"href":"https:\/\/www.asborrego.pt\/asb\/wp-json\/wp\/v2\/media?parent=999"}],"wp:term":[{"taxonomy":"product_brand","embeddable":true,"href":"https:\/\/www.asborrego.pt\/asb\/wp-json\/wp\/v2\/product_brand?post=999"},{"taxonomy":"product_cat","embeddable":true,"href":"https:\/\/www.asborrego.pt\/asb\/wp-json\/wp\/v2\/product_cat?post=999"},{"taxonomy":"product_tag","embeddable":true,"href":"https:\/\/www.asborrego.pt\/asb\/wp-json\/wp\/v2\/product_tag?post=999"}],"curies":[{"name":"wp","href":"https:\/\/api.w.org\/{rel}","templated":true}]}}